{"id":89,"date":"2023-05-16T15:47:09","date_gmt":"2023-05-16T21:47:09","guid":{"rendered":"https:\/\/maramhub.com\/?page_id=89"},"modified":"2025-01-31T11:11:16","modified_gmt":"2025-01-31T17:11:16","slug":"ebook","status":"publish","type":"page","link":"https:\/\/www.maramhub.com\/es\/ebook\/","title":{"rendered":"Ebook"},"content":{"rendered":"<section class=\"l-section wpb_row height_large with_img\"><div class=\"l-section-img\" role=\"img\" data-img-width=\"1080\" data-img-height=\"720\" style=\"background-image: url(https:\/\/www.maramhub.com\/wp-content\/uploads\/2023\/05\/ebook.jpeg);background-repeat: no-repeat;\"><\/div><div class=\"l-section-overlay\" style=\"background:rgba(0,0,0,0.45)\"><\/div><div class=\"l-section-h i-cf\"><div class=\"g-cols vc_row via_flex valign_top type_default stacking_default\"><div class=\"vc_col-sm-6 wpb_column vc_column_container\"><div class=\"vc_column-inner us_custom_302a2db5 us_animate_this\"><div class=\"wpb_wrapper\"><div class=\"w-separator hide_on_default hide_on_laptops size_medium\"><\/div><div class=\"w-separator size_small\"><\/div><div class=\"wpb_text_column us_custom_a2bfc247 has_text_color\"><div class=\"wpb_wrapper\"><p>LANZA TU NEGOCIO<\/p>\n<\/div><\/div><div class=\"w-separator size_small\"><\/div><div class=\"wpb_text_column us_custom_11eed935 has_text_color\"><div class=\"wpb_wrapper\"><p>Consejos de marketing para nuevos emprendedores<\/p>\n<\/div><\/div><div class=\"w-separator size_small\"><\/div><div class=\"w-btn-wrapper align_none\"><a class=\"w-btn us-btn-style_2 icon_atright\" title=\"Contacto\" href=\"#contact\"><span class=\"w-btn-label\">Obtener ebook<\/span><i class=\"fal fa-download\"><\/i><\/a><\/div><div class=\"w-separator hide_on_default hide_on_laptops size_medium\"><\/div><\/div><\/div><\/div><div class=\"vc_col-sm-6 wpb_column vc_column_container\"><div class=\"vc_column-inner\"><div class=\"wpb_wrapper\"><\/div><\/div><\/div><\/div><\/div><\/section><section class=\"l-section wpb_row height_large\" id=\"contact\"><div class=\"l-section-h i-cf\"><div class=\"g-cols vc_row via_flex valign_top type_default stacking_default\"><div class=\"vc_col-sm-12 wpb_column vc_column_container\"><div class=\"vc_column-inner\"><div class=\"wpb_wrapper\"><div class=\"g-cols wpb_row via_flex valign_top type_default stacking_default\"><div class=\"vc_col-sm-8 wpb_column vc_column_container\"><div class=\"vc_column-inner us_custom_7e20fa79 us_animate_this\"><div class=\"wpb_wrapper\"><div class=\"wpb_text_column\"><div class=\"wpb_wrapper\"><h2>\u00a1Reg\u00edstrate gratis!<\/h2>\n<\/div><\/div><div class=\"w-separator size_small\"><\/div><div class=\"wpb_text_column\"><div class=\"wpb_wrapper\"><p>Reg\u00edstrate en el siguiente formulario y obt\u00e9n gratis nuestro ebook con consejos de marketing de Maram para nuevos emprendedores en Canad\u00e1<\/p>\n<\/div><\/div><div class=\"w-separator size_custom\" style=\"height:3px\"><\/div>\n<div class=\"wpcf7 no-js\" id=\"wpcf7-f94-o2\" lang=\"en-US\" dir=\"ltr\" data-wpcf7-id=\"94\">\n<div class=\"screen-reader-response\"><p role=\"status\" aria-live=\"polite\" aria-atomic=\"true\"><\/p> <ul><\/ul><\/div>\n<form action=\"\/es\/wp-json\/wp\/v2\/pages\/89#wpcf7-f94-o2\" method=\"post\" class=\"wpcf7-form init\" aria-label=\"Contact form\" novalidate=\"novalidate\" data-status=\"init\" data-trp-original-action=\"\/es\/wp-json\/wp\/v2\/pages\/89#wpcf7-f94-o2\">\n<fieldset class=\"hidden-fields-container\"><input type=\"hidden\" name=\"_wpcf7\" value=\"94\" \/><input type=\"hidden\" name=\"_wpcf7_version\" value=\"6.1\" \/><input type=\"hidden\" name=\"_wpcf7_locale\" value=\"en_US\" \/><input type=\"hidden\" name=\"_wpcf7_unit_tag\" value=\"wpcf7-f94-o2\" \/><input type=\"hidden\" name=\"_wpcf7_container_post\" value=\"0\" \/><input type=\"hidden\" name=\"_wpcf7_posted_data_hash\" value=\"\" \/>\n<\/fieldset>\n<div class=\"one-half\">\n\t<p><span class=\"wpcf7-form-control-wrap\" data-name=\"nombres\"><input size=\"40\" maxlength=\"400\" class=\"wpcf7-form-control wpcf7-text wpcf7-validates-as-required\" aria-required=\"true\" aria-invalid=\"false\" placeholder=\"Nombre\" value=\"\" type=\"text\" name=\"nombres\" \/><\/span>\n\t<\/p>\n<\/div>\n<div class=\"one-half last\">\n\t<p><span class=\"wpcf7-form-control-wrap\" data-name=\"correos\"><input size=\"40\" maxlength=\"400\" class=\"wpcf7-form-control wpcf7-email wpcf7-validates-as-required wpcf7-text wpcf7-validates-as-email\" aria-required=\"true\" aria-invalid=\"false\" placeholder=\"Correo electr\u00f3nico\" value=\"\" type=\"email\" name=\"correos\" \/><\/span>\n\t<\/p>\n<\/div>\n<p><span id=\"wpcf7-69d58aa38f888-wrapper\" class=\"wpcf7-form-control-wrap phone-wrap\" style=\"display:none !important; visibility:hidden !important;\"><label for=\"wpcf7-69d58aa38f888-field\" class=\"hp-message\">Please leave this field empty.<\/label><input id=\"wpcf7-69d58aa38f888-field\"  class=\"wpcf7-form-control wpcf7-text\" type=\"text\" name=\"phone\" value=\"\" size=\"40\" tabindex=\"-1\" autocomplete=\"new-password\" \/><\/span>\n<\/p>\n<div class=\"one-half\">\n\t<p><span class=\"wpcf7-form-control-wrap\" data-name=\"negocios\"><input size=\"40\" maxlength=\"400\" class=\"wpcf7-form-control wpcf7-text wpcf7-validates-as-required\" aria-required=\"true\" aria-invalid=\"false\" placeholder=\"Nombre del negocio\" value=\"\" type=\"text\" name=\"negocios\" \/><\/span>\n\t<\/p>\n<\/div>\n<div class=\"one-half last\">\n\t<p><span class=\"wpcf7-form-control-wrap\" data-name=\"telefonos\"><input size=\"40\" maxlength=\"400\" class=\"wpcf7-form-control wpcf7-tel wpcf7-text wpcf7-validates-as-tel\" aria-invalid=\"false\" placeholder=\"Tel\u00e9fono (opcional)\" value=\"\" type=\"tel\" name=\"telefonos\" \/><\/span>\n\t<\/p>\n<\/div>\n<p><input class=\"wpcf7-form-control wpcf7-submit has-spinner\" type=\"submit\" value=\"Enviar\" \/>\n<\/p><div class=\"wpcf7-response-output\" aria-hidden=\"true\"><\/div>\n<input type=\"hidden\" name=\"trp-form-language\" value=\"es\"\/><\/form>\n<\/div>\n<\/div><\/div><\/div><div class=\"vc_col-sm-4 wpb_column vc_column_container\"><div class=\"vc_column-inner us_custom_47474b22 us_animate_this\"><div class=\"wpb_wrapper\"><div class=\"wpb_text_column\"><div class=\"wpb_wrapper\"><h2>Conect\u00e9monos<\/h2>\n<\/div><\/div><div class=\"w-separator size_small\"><\/div><div class=\"w-iconbox iconpos_left style_default color_primary align_left\"><div class=\"w-iconbox-icon\" style=\"font-size:40px;\"><i class=\"fas fa-map-marker-alt\"><\/i><\/div><div class=\"w-iconbox-meta\"><h4 class=\"w-iconbox-title\">Ubicaci\u00f3n<\/h4><div class=\"w-iconbox-text\"><p>Calgary | Toronto | M\u00e9xico<\/p>\n<\/div><\/div><\/div><div class=\"w-separator size_medium\"><\/div><div class=\"w-iconbox iconpos_left style_default color_primary align_left\"><div class=\"w-iconbox-icon\" style=\"font-size:40px;\"><i class=\"fab fa-whatsapp\"><\/i><\/div><div class=\"w-iconbox-meta\"><h4 class=\"w-iconbox-title\">WhatsApp<\/h4><div class=\"w-iconbox-text\"><p><a href=\"https:\/\/wa.me\/14036153224\" target=\"_blank\" rel=\"noopener\">+1 (403) 615 3224<\/a><\/p>\n<\/div><\/div><\/div><div class=\"w-separator size_medium\"><\/div><div class=\"w-iconbox iconpos_left style_default color_primary align_left\"><div class=\"w-iconbox-icon\" style=\"font-size:40px;\"><i class=\"fas fa-envelope\"><\/i><\/div><div class=\"w-iconbox-meta\"><h4 class=\"w-iconbox-title\">Correo<\/h4><div class=\"w-iconbox-text\"><p><a href=\"mailto:hola@maramhub.com\">hola@maramhub.com<\/a><\/p>\n<\/div><\/div><\/div><\/div><\/div><\/div><\/div><\/div><\/div><\/div><\/div><\/div><\/section>","protected":false},"excerpt":{"rendered":"MARKET YOUR BUSINESS Marketing tips for new entrepreneurs Get Ebook\u00a1Reg\u00edstrate gratis! Reg\u00edstrate en el siguiente formulario y obt\u00e9n gratis nuestro ebook con consejos de marketing de Maram para nuevos emprendedores en Canad\u00e1 Please leave this field empty. Conect\u00e9monos Ubicaci\u00f3nCalgary | Toronto | Mexico WhatsApp+1 (403) 615 3224 Correohola@maramhub.com","protected":false},"author":1,"featured_media":10,"parent":0,"menu_order":0,"comment_status":"closed","ping_status":"closed","template":"","meta":{"footnotes":""},"class_list":["post-89","page","type-page","status-publish","has-post-thumbnail","hentry"],"yoast_head":"<!-- This site is optimized with the Yoast SEO plugin v25.4 - https:\/\/yoast.com\/wordpress\/plugins\/seo\/ -->\n<title>MaramHub | Ebook<\/title>\n<meta name=\"robots\" content=\"index, follow, max-snippet:-1, max-image-preview:large, max-video-preview:-1\" \/>\n<link rel=\"canonical\" href=\"https:\/\/www.maramhub.com\/es\/ebook\/\" \/>\n<meta property=\"og:locale\" content=\"es_ES\" \/>\n<meta property=\"og:type\" content=\"article\" \/>\n<meta property=\"og:title\" content=\"MaramHub | Ebook\" \/>\n<meta property=\"og:url\" content=\"https:\/\/www.maramhub.com\/es\/ebook\/\" \/>\n<meta property=\"og:site_name\" content=\"MaramHub\" \/>\n<meta property=\"article:publisher\" content=\"https:\/\/www.facebook.com\/maramdigitalhub\/\" \/>\n<meta property=\"article:modified_time\" content=\"2025-01-31T17:11:16+00:00\" \/>\n<meta property=\"og:image\" content=\"https:\/\/www.maramhub.com\/wp-content\/uploads\/2023\/05\/MaramHub.jpg\" \/>\n\t<meta property=\"og:image:width\" content=\"1024\" \/>\n\t<meta property=\"og:image:height\" content=\"1024\" \/>\n\t<meta property=\"og:image:type\" content=\"image\/jpeg\" \/>\n<meta name=\"twitter:card\" content=\"summary_large_image\" \/>\n<meta name=\"twitter:label1\" content=\"Tiempo de lectura\" \/>\n\t<meta name=\"twitter:data1\" content=\"1 minuto\" \/>\n<script type=\"application\/ld+json\" class=\"yoast-schema-graph\">{\"@context\":\"https:\/\/schema.org\",\"@graph\":[{\"@type\":\"WebPage\",\"@id\":\"https:\/\/www.maramhub.com\/ebook\/\",\"url\":\"https:\/\/www.maramhub.com\/ebook\/\",\"name\":\"MaramHub | Ebook\",\"isPartOf\":{\"@id\":\"https:\/\/www.maramhub.com\/#website\"},\"primaryImageOfPage\":{\"@id\":\"https:\/\/www.maramhub.com\/ebook\/#primaryimage\"},\"image\":{\"@id\":\"https:\/\/www.maramhub.com\/ebook\/#primaryimage\"},\"thumbnailUrl\":\"https:\/\/www.maramhub.com\/wp-content\/uploads\/2023\/05\/MaramHub.jpg\",\"datePublished\":\"2023-05-16T21:47:09+00:00\",\"dateModified\":\"2025-01-31T17:11:16+00:00\",\"breadcrumb\":{\"@id\":\"https:\/\/www.maramhub.com\/ebook\/#breadcrumb\"},\"inLanguage\":\"es\",\"potentialAction\":[{\"@type\":\"ReadAction\",\"target\":[\"https:\/\/www.maramhub.com\/ebook\/\"]}]},{\"@type\":\"ImageObject\",\"inLanguage\":\"es\",\"@id\":\"https:\/\/www.maramhub.com\/ebook\/#primaryimage\",\"url\":\"https:\/\/www.maramhub.com\/wp-content\/uploads\/2023\/05\/MaramHub.jpg\",\"contentUrl\":\"https:\/\/www.maramhub.com\/wp-content\/uploads\/2023\/05\/MaramHub.jpg\",\"width\":1024,\"height\":1024},{\"@type\":\"BreadcrumbList\",\"@id\":\"https:\/\/www.maramhub.com\/ebook\/#breadcrumb\",\"itemListElement\":[{\"@type\":\"ListItem\",\"position\":1,\"name\":\"Home\",\"item\":\"https:\/\/www.maramhub.com\/\"},{\"@type\":\"ListItem\",\"position\":2,\"name\":\"Ebook\"}]},{\"@type\":\"WebSite\",\"@id\":\"https:\/\/www.maramhub.com\/#website\",\"url\":\"https:\/\/www.maramhub.com\/\",\"name\":\"MaramHub\",\"description\":\"Marketing agency in Canada\",\"publisher\":{\"@id\":\"https:\/\/www.maramhub.com\/#organization\"},\"potentialAction\":[{\"@type\":\"SearchAction\",\"target\":{\"@type\":\"EntryPoint\",\"urlTemplate\":\"https:\/\/www.maramhub.com\/?s={search_term_string}\"},\"query-input\":{\"@type\":\"PropertyValueSpecification\",\"valueRequired\":true,\"valueName\":\"search_term_string\"}}],\"inLanguage\":\"es\"},{\"@type\":\"Organization\",\"@id\":\"https:\/\/www.maramhub.com\/#organization\",\"name\":\"MaramHub\",\"url\":\"https:\/\/www.maramhub.com\/\",\"logo\":{\"@type\":\"ImageObject\",\"inLanguage\":\"es\",\"@id\":\"https:\/\/www.maramhub.com\/#\/schema\/logo\/image\/\",\"url\":\"https:\/\/maramhub.com\/wp-content\/uploads\/2023\/05\/MaramHub.jpg\",\"contentUrl\":\"https:\/\/maramhub.com\/wp-content\/uploads\/2023\/05\/MaramHub.jpg\",\"width\":1024,\"height\":1024,\"caption\":\"MaramHub\"},\"image\":{\"@id\":\"https:\/\/www.maramhub.com\/#\/schema\/logo\/image\/\"},\"sameAs\":[\"https:\/\/www.facebook.com\/maramdigitalhub\/\",\"https:\/\/www.instagram.com\/maramdigitalhub\/\",\"https:\/\/www.tiktok.com\/@maramdigitalhub\/\"]}]}<\/script>\n<!-- \/ Yoast SEO plugin. -->","yoast_head_json":{"title":"MaramHub | Ebook","robots":{"index":"index","follow":"follow","max-snippet":"max-snippet:-1","max-image-preview":"max-image-preview:large","max-video-preview":"max-video-preview:-1"},"canonical":"https:\/\/www.maramhub.com\/es\/ebook\/","og_locale":"es_ES","og_type":"article","og_title":"MaramHub | Ebook","og_url":"https:\/\/www.maramhub.com\/es\/ebook\/","og_site_name":"MaramHub","article_publisher":"https:\/\/www.facebook.com\/maramdigitalhub\/","article_modified_time":"2025-01-31T17:11:16+00:00","og_image":[{"width":1024,"height":1024,"url":"https:\/\/www.maramhub.com\/wp-content\/uploads\/2023\/05\/MaramHub.jpg","type":"image\/jpeg"}],"twitter_card":"summary_large_image","twitter_misc":{"Tiempo de lectura":"1 minuto"},"schema":{"@context":"https:\/\/schema.org","@graph":[{"@type":"WebPage","@id":"https:\/\/www.maramhub.com\/ebook\/","url":"https:\/\/www.maramhub.com\/ebook\/","name":"MaramHub | Ebook","isPartOf":{"@id":"https:\/\/www.maramhub.com\/#website"},"primaryImageOfPage":{"@id":"https:\/\/www.maramhub.com\/ebook\/#primaryimage"},"image":{"@id":"https:\/\/www.maramhub.com\/ebook\/#primaryimage"},"thumbnailUrl":"https:\/\/www.maramhub.com\/wp-content\/uploads\/2023\/05\/MaramHub.jpg","datePublished":"2023-05-16T21:47:09+00:00","dateModified":"2025-01-31T17:11:16+00:00","breadcrumb":{"@id":"https:\/\/www.maramhub.com\/ebook\/#breadcrumb"},"inLanguage":"es","potentialAction":[{"@type":"ReadAction","target":["https:\/\/www.maramhub.com\/ebook\/"]}]},{"@type":"ImageObject","inLanguage":"es","@id":"https:\/\/www.maramhub.com\/ebook\/#primaryimage","url":"https:\/\/www.maramhub.com\/wp-content\/uploads\/2023\/05\/MaramHub.jpg","contentUrl":"https:\/\/www.maramhub.com\/wp-content\/uploads\/2023\/05\/MaramHub.jpg","width":1024,"height":1024},{"@type":"BreadcrumbList","@id":"https:\/\/www.maramhub.com\/ebook\/#breadcrumb","itemListElement":[{"@type":"ListItem","position":1,"name":"Home","item":"https:\/\/www.maramhub.com\/"},{"@type":"ListItem","position":2,"name":"Ebook"}]},{"@type":"WebSite","@id":"https:\/\/www.maramhub.com\/#website","url":"https:\/\/www.maramhub.com\/","name":"MaramHub","description":"Marketing agency in Canada","publisher":{"@id":"https:\/\/www.maramhub.com\/#organization"},"potentialAction":[{"@type":"SearchAction","target":{"@type":"EntryPoint","urlTemplate":"https:\/\/www.maramhub.com\/?s={search_term_string}"},"query-input":{"@type":"PropertyValueSpecification","valueRequired":true,"valueName":"search_term_string"}}],"inLanguage":"es"},{"@type":"Organization","@id":"https:\/\/www.maramhub.com\/#organization","name":"MaramHub","url":"https:\/\/www.maramhub.com\/","logo":{"@type":"ImageObject","inLanguage":"es","@id":"https:\/\/www.maramhub.com\/#\/schema\/logo\/image\/","url":"https:\/\/maramhub.com\/wp-content\/uploads\/2023\/05\/MaramHub.jpg","contentUrl":"https:\/\/maramhub.com\/wp-content\/uploads\/2023\/05\/MaramHub.jpg","width":1024,"height":1024,"caption":"MaramHub"},"image":{"@id":"https:\/\/www.maramhub.com\/#\/schema\/logo\/image\/"},"sameAs":["https:\/\/www.facebook.com\/maramdigitalhub\/","https:\/\/www.instagram.com\/maramdigitalhub\/","https:\/\/www.tiktok.com\/@maramdigitalhub\/"]}]}},"_links":{"self":[{"href":"https:\/\/www.maramhub.com\/es\/wp-json\/wp\/v2\/pages\/89","targetHints":{"allow":["GET"]}}],"collection":[{"href":"https:\/\/www.maramhub.com\/es\/wp-json\/wp\/v2\/pages"}],"about":[{"href":"https:\/\/www.maramhub.com\/es\/wp-json\/wp\/v2\/types\/page"}],"author":[{"embeddable":true,"href":"https:\/\/www.maramhub.com\/es\/wp-json\/wp\/v2\/users\/1"}],"replies":[{"embeddable":true,"href":"https:\/\/www.maramhub.com\/es\/wp-json\/wp\/v2\/comments?post=89"}],"version-history":[{"count":4,"href":"https:\/\/www.maramhub.com\/es\/wp-json\/wp\/v2\/pages\/89\/revisions"}],"predecessor-version":[{"id":232,"href":"https:\/\/www.maramhub.com\/es\/wp-json\/wp\/v2\/pages\/89\/revisions\/232"}],"wp:featuredmedia":[{"embeddable":true,"href":"https:\/\/www.maramhub.com\/es\/wp-json\/wp\/v2\/media\/10"}],"wp:attachment":[{"href":"https:\/\/www.maramhub.com\/es\/wp-json\/wp\/v2\/media?parent=89"}],"curies":[{"name":"wp","href":"https:\/\/api.w.org\/{rel}","templated":true}]}}