{"id":171,"date":"2023-12-01T10:51:00","date_gmt":"2023-12-01T16:51:00","guid":{"rendered":"https:\/\/maramhub.com\/?page_id=171"},"modified":"2025-03-04T12:51:28","modified_gmt":"2025-03-04T18:51:28","slug":"team","status":"publish","type":"page","link":"https:\/\/www.maramhub.com\/es\/team\/","title":{"rendered":"Our team"},"content":{"rendered":"<section class=\"l-section wpb_row height_large with_img parallax_ver\"><div class=\"l-section-img\" role=\"img\" data-img-width=\"1920\" data-img-height=\"1080\" style=\"background-image: url(https:\/\/www.maramhub.com\/wp-content\/uploads\/2025\/02\/bg-home.webp);background-repeat: no-repeat;\"><\/div><div class=\"l-section-h i-cf\"><div class=\"g-cols vc_row via_flex valign_top type_default stacking_default\"><div class=\"vc_col-sm-2 wpb_column vc_column_container\"><div class=\"vc_column-inner us_custom_302a2db5 us_animate_this\"><div class=\"wpb_wrapper\"><\/div><\/div><\/div><div class=\"vc_col-sm-8 wpb_column vc_column_container\"><div class=\"vc_column-inner us_custom_d89fe7f6 us_animate_this\"><div class=\"wpb_wrapper\"><div class=\"w-separator hide_on_default hide_on_laptops size_large\"><\/div><h2 class=\"w-post-elm post_title us_custom_5d54a9de has_text_color align_center entry-title color_link_inherit\">Our team<\/h2><nav class=\"g-breadcrumbs us_custom_0259209c has_text_color separator_icon align_center\" itemscope itemtype=\"http:\/\/schema.org\/BreadcrumbList\"><div class=\"g-breadcrumbs-item\" itemscope itemprop=\"itemListElement\" itemtype=\"http:\/\/schema.org\/ListItem\"><a itemprop=\"item\" href=\"https:\/\/www.maramhub.com\/es\/\"><span itemprop=\"name\">Inicio<\/span><\/a><meta itemprop=\"position\" content=\"1\"\/><\/div><div class=\"g-breadcrumbs-separator\"><i class=\"far fa-angle-right\"><\/i><\/div><div class=\"g-breadcrumbs-item\">P\u00e1ginas<\/div><\/nav><div class=\"w-separator hide_on_default hide_on_laptops size_large\"><\/div><\/div><\/div><\/div><div class=\"vc_col-sm-2 wpb_column vc_column_container\"><div class=\"vc_column-inner\"><div class=\"wpb_wrapper\"><\/div><\/div><\/div><\/div><\/div><\/section><section class=\"l-section wpb_row height_large\"><div class=\"l-section-h i-cf\"><div class=\"g-cols vc_row via_flex valign_top type_default stacking_default\"><div class=\"vc_col-sm-12 wpb_column vc_column_container\"><div class=\"vc_column-inner\"><div class=\"wpb_wrapper\"><div class=\"g-cols wpb_row hide_on_tablets hide_on_mobiles via_flex valign_top type_default stacking_default\"><div class=\"vc_col-sm-8 wpb_column vc_column_container\"><div class=\"vc_column-inner us_custom_7e20fa79 us_animate_this\"><div class=\"wpb_wrapper\"><div class=\"w-separator size_small\"><\/div><div class=\"wpb_text_column\"><div class=\"wpb_wrapper\"><h2>Dafne Hunt<\/h2>\n<\/div><\/div><div class=\"w-separator size_small\"><\/div><div class=\"wpb_text_column\"><div class=\"wpb_wrapper\"><p>Una profesional de marketing con experiencia y pasi\u00f3n por el marketing digital.<\/p>\n<p>Con m\u00e1s de 13 a\u00f1os de experiencia en investigaci\u00f3n de mercado para la industria farmac\u00e9utica y financiera, adem\u00e1s de una licenciatura en marketing, aporta una gran experiencia. Su pasi\u00f3n por el marketing digital la llev\u00f3 a obtener una licenciatura en marketing digital y gesti\u00f3n de redes sociales en Canad\u00e1.<\/p>\n<p>Adem\u00e1s, posee un diploma como int\u00e9rprete y traductora, lo que refleja su amor por los idiomas.<\/p>\n<\/div><\/div><\/div><\/div><\/div><div class=\"vc_col-sm-4 wpb_column vc_column_container\"><div class=\"vc_column-inner us_custom_47474b22 us_animate_this\"><div class=\"wpb_wrapper\"><div class=\"w-image align_none\"><div class=\"w-image-h\"><img decoding=\"async\" width=\"800\" height=\"800\" src=\"https:\/\/www.maramhub.com\/wp-content\/uploads\/2023\/12\/dafne.jpeg\" class=\"attachment-large size-large\" alt=\"\" loading=\"lazy\" srcset=\"https:\/\/www.maramhub.com\/wp-content\/uploads\/2023\/12\/dafne.jpeg 800w, https:\/\/www.maramhub.com\/wp-content\/uploads\/2023\/12\/dafne-300x300.jpeg 300w, https:\/\/www.maramhub.com\/wp-content\/uploads\/2023\/12\/dafne-150x150.jpeg 150w, https:\/\/www.maramhub.com\/wp-content\/uploads\/2023\/12\/dafne-12x12.jpeg 12w\" sizes=\"auto, (max-width: 800px) 100vw, 800px\" \/><\/div><\/div><\/div><\/div><\/div><\/div><div class=\"g-cols wpb_row hide_on_default hide_on_laptops via_flex valign_top type_default stacking_default\"><div class=\"vc_col-sm-8 wpb_column vc_column_container\"><div class=\"vc_column-inner us_custom_7e20fa79 us_animate_this\"><div class=\"wpb_wrapper\"><div class=\"w-image align_none\"><div class=\"w-image-h\"><img decoding=\"async\" width=\"800\" height=\"800\" src=\"https:\/\/www.maramhub.com\/wp-content\/uploads\/2023\/12\/dafne.jpeg\" class=\"attachment-large size-large\" alt=\"\" loading=\"lazy\" srcset=\"https:\/\/www.maramhub.com\/wp-content\/uploads\/2023\/12\/dafne.jpeg 800w, https:\/\/www.maramhub.com\/wp-content\/uploads\/2023\/12\/dafne-300x300.jpeg 300w, https:\/\/www.maramhub.com\/wp-content\/uploads\/2023\/12\/dafne-150x150.jpeg 150w, https:\/\/www.maramhub.com\/wp-content\/uploads\/2023\/12\/dafne-12x12.jpeg 12w\" sizes=\"auto, (max-width: 800px) 100vw, 800px\" \/><\/div><\/div><\/div><\/div><\/div><div class=\"vc_col-sm-4 wpb_column vc_column_container\"><div class=\"vc_column-inner us_custom_47474b22 us_animate_this\"><div class=\"wpb_wrapper\"><div class=\"w-separator size_small\"><\/div><div class=\"wpb_text_column\"><div class=\"wpb_wrapper\"><h2>Dafne Hunt<\/h2>\n<\/div><\/div><div class=\"w-separator size_small\"><\/div><div class=\"wpb_text_column\"><div class=\"wpb_wrapper\"><p>Una profesional de marketing con experiencia y pasi\u00f3n por el marketing digital.<\/p>\n<p>Con m\u00e1s de 13 a\u00f1os de experiencia en investigaci\u00f3n de mercado para la industria farmac\u00e9utica y financiera, adem\u00e1s de una licenciatura en marketing, aporta una gran experiencia. Su pasi\u00f3n por el marketing digital la llev\u00f3 a obtener una licenciatura en marketing digital y gesti\u00f3n de redes sociales en Canad\u00e1.<\/p>\n<p>Adem\u00e1s, posee un diploma como int\u00e9rprete y traductora, lo que refleja su amor por los idiomas.<\/p>\n<\/div><\/div><\/div><\/div><\/div><\/div><div class=\"w-separator size_medium\"><\/div><div class=\"g-cols wpb_row via_flex valign_top type_default stacking_default\"><div class=\"vc_col-sm-4 wpb_column vc_column_container\"><div class=\"vc_column-inner us_custom_7e20fa79 us_animate_this\"><div class=\"wpb_wrapper\"><div class=\"w-image align_none\"><div class=\"w-image-h\"><img decoding=\"async\" width=\"800\" height=\"800\" src=\"https:\/\/www.maramhub.com\/wp-content\/uploads\/2023\/12\/brenda.jpeg\" class=\"attachment-large size-large\" alt=\"\" loading=\"lazy\" srcset=\"https:\/\/www.maramhub.com\/wp-content\/uploads\/2023\/12\/brenda.jpeg 800w, https:\/\/www.maramhub.com\/wp-content\/uploads\/2023\/12\/brenda-300x300.jpeg 300w, https:\/\/www.maramhub.com\/wp-content\/uploads\/2023\/12\/brenda-150x150.jpeg 150w, https:\/\/www.maramhub.com\/wp-content\/uploads\/2023\/12\/brenda-12x12.jpeg 12w\" sizes=\"auto, (max-width: 800px) 100vw, 800px\" \/><\/div><\/div><\/div><\/div><\/div><div class=\"vc_col-sm-8 wpb_column vc_column_container\"><div class=\"vc_column-inner us_custom_47474b22 us_animate_this\"><div class=\"wpb_wrapper\"><div class=\"w-separator size_medium\"><\/div><div class=\"wpb_text_column\"><div class=\"wpb_wrapper\"><h2>Brenda Marmolejo<\/h2>\n<\/div><\/div><div class=\"w-separator size_small\"><\/div><div class=\"wpb_text_column\"><div class=\"wpb_wrapper\"><p>Con m\u00e1s de 15 a\u00f1os de experiencia como consultora de ingenier\u00eda en diferentes industrias en Canad\u00e1, Estados Unidos y Am\u00e9rica Latina, Brenda aporta una combinaci\u00f3n \u00fanica de habilidades al panorama del marketing digital. Brenda tiene un Certificado en Ciencia de Datos y experiencia especializada en gesti\u00f3n de proyectos.<\/p>\n<p>Tambi\u00e9n es una exitosa empresaria de comercio electr\u00f3nico y especialista en vinos. Tiene una licenciatura en Ingenier\u00eda Qu\u00edmica y una maestr\u00eda en Calidad, Seguridad y Medio Ambiente. Su experiencia din\u00e1mica garantiza un enfoque estrat\u00e9gico y multifac\u00e9tico para las soluciones de marketing digital.<\/p>\n<\/div><\/div><\/div><\/div><\/div><\/div><\/div><\/div><\/div><\/div><\/div><\/section>","protected":false},"excerpt":{"rendered":"Our teamInicioP\u00e1ginasDafne Hunt An Experienced Marketing Professional with a Passion for Digital Marketing With over 13 years of experience in market research for the pharmaceutical and financial industry, as well as a Bachelor&#8217;s degree in Marketing, she brings a wealth of expertise to the table. Her passion for digital marketing led her to pursue a...","protected":false},"author":1,"featured_media":10,"parent":0,"menu_order":0,"comment_status":"closed","ping_status":"closed","template":"","meta":{"footnotes":""},"class_list":["post-171","page","type-page","status-publish","has-post-thumbnail","hentry"],"yoast_head":"<!-- This site is optimized with the Yoast SEO plugin v25.4 - https:\/\/yoast.com\/wordpress\/plugins\/seo\/ -->\n<title>MaramHub | Our team<\/title>\n<meta name=\"robots\" content=\"index, follow, max-snippet:-1, max-image-preview:large, max-video-preview:-1\" \/>\n<link rel=\"canonical\" href=\"https:\/\/www.maramhub.com\/es\/team\/\" \/>\n<meta property=\"og:locale\" content=\"es_ES\" \/>\n<meta property=\"og:type\" content=\"article\" \/>\n<meta property=\"og:title\" content=\"MaramHub | Our team\" \/>\n<meta property=\"og:url\" content=\"https:\/\/www.maramhub.com\/es\/team\/\" \/>\n<meta property=\"og:site_name\" content=\"MaramHub\" \/>\n<meta property=\"article:publisher\" content=\"https:\/\/www.facebook.com\/maramdigitalhub\/\" \/>\n<meta property=\"article:modified_time\" content=\"2025-03-04T18:51:28+00:00\" \/>\n<meta property=\"og:image\" content=\"https:\/\/www.maramhub.com\/wp-content\/uploads\/2023\/05\/MaramHub.jpg\" \/>\n\t<meta property=\"og:image:width\" content=\"1024\" \/>\n\t<meta property=\"og:image:height\" content=\"1024\" \/>\n\t<meta property=\"og:image:type\" content=\"image\/jpeg\" \/>\n<meta name=\"twitter:card\" content=\"summary_large_image\" \/>\n<meta name=\"twitter:label1\" content=\"Tiempo de lectura\" \/>\n\t<meta name=\"twitter:data1\" content=\"2 minutos\" \/>\n<script type=\"application\/ld+json\" class=\"yoast-schema-graph\">{\"@context\":\"https:\/\/schema.org\",\"@graph\":[{\"@type\":\"WebPage\",\"@id\":\"https:\/\/www.maramhub.com\/team\/\",\"url\":\"https:\/\/www.maramhub.com\/team\/\",\"name\":\"MaramHub | Our team\",\"isPartOf\":{\"@id\":\"https:\/\/www.maramhub.com\/#website\"},\"primaryImageOfPage\":{\"@id\":\"https:\/\/www.maramhub.com\/team\/#primaryimage\"},\"image\":{\"@id\":\"https:\/\/www.maramhub.com\/team\/#primaryimage\"},\"thumbnailUrl\":\"https:\/\/www.maramhub.com\/wp-content\/uploads\/2023\/05\/MaramHub.jpg\",\"datePublished\":\"2023-12-01T16:51:00+00:00\",\"dateModified\":\"2025-03-04T18:51:28+00:00\",\"breadcrumb\":{\"@id\":\"https:\/\/www.maramhub.com\/team\/#breadcrumb\"},\"inLanguage\":\"es\",\"potentialAction\":[{\"@type\":\"ReadAction\",\"target\":[\"https:\/\/www.maramhub.com\/team\/\"]}]},{\"@type\":\"ImageObject\",\"inLanguage\":\"es\",\"@id\":\"https:\/\/www.maramhub.com\/team\/#primaryimage\",\"url\":\"https:\/\/www.maramhub.com\/wp-content\/uploads\/2023\/05\/MaramHub.jpg\",\"contentUrl\":\"https:\/\/www.maramhub.com\/wp-content\/uploads\/2023\/05\/MaramHub.jpg\",\"width\":1024,\"height\":1024},{\"@type\":\"BreadcrumbList\",\"@id\":\"https:\/\/www.maramhub.com\/team\/#breadcrumb\",\"itemListElement\":[{\"@type\":\"ListItem\",\"position\":1,\"name\":\"Home\",\"item\":\"https:\/\/www.maramhub.com\/\"},{\"@type\":\"ListItem\",\"position\":2,\"name\":\"Our team\"}]},{\"@type\":\"WebSite\",\"@id\":\"https:\/\/www.maramhub.com\/#website\",\"url\":\"https:\/\/www.maramhub.com\/\",\"name\":\"MaramHub\",\"description\":\"Marketing agency in Canada\",\"publisher\":{\"@id\":\"https:\/\/www.maramhub.com\/#organization\"},\"potentialAction\":[{\"@type\":\"SearchAction\",\"target\":{\"@type\":\"EntryPoint\",\"urlTemplate\":\"https:\/\/www.maramhub.com\/?s={search_term_string}\"},\"query-input\":{\"@type\":\"PropertyValueSpecification\",\"valueRequired\":true,\"valueName\":\"search_term_string\"}}],\"inLanguage\":\"es\"},{\"@type\":\"Organization\",\"@id\":\"https:\/\/www.maramhub.com\/#organization\",\"name\":\"MaramHub\",\"url\":\"https:\/\/www.maramhub.com\/\",\"logo\":{\"@type\":\"ImageObject\",\"inLanguage\":\"es\",\"@id\":\"https:\/\/www.maramhub.com\/#\/schema\/logo\/image\/\",\"url\":\"https:\/\/maramhub.com\/wp-content\/uploads\/2023\/05\/MaramHub.jpg\",\"contentUrl\":\"https:\/\/maramhub.com\/wp-content\/uploads\/2023\/05\/MaramHub.jpg\",\"width\":1024,\"height\":1024,\"caption\":\"MaramHub\"},\"image\":{\"@id\":\"https:\/\/www.maramhub.com\/#\/schema\/logo\/image\/\"},\"sameAs\":[\"https:\/\/www.facebook.com\/maramdigitalhub\/\",\"https:\/\/www.instagram.com\/maramdigitalhub\/\",\"https:\/\/www.tiktok.com\/@maramdigitalhub\/\"]}]}<\/script>\n<!-- \/ Yoast SEO plugin. -->","yoast_head_json":{"title":"MaramHub | Our team","robots":{"index":"index","follow":"follow","max-snippet":"max-snippet:-1","max-image-preview":"max-image-preview:large","max-video-preview":"max-video-preview:-1"},"canonical":"https:\/\/www.maramhub.com\/es\/team\/","og_locale":"es_ES","og_type":"article","og_title":"MaramHub | Our team","og_url":"https:\/\/www.maramhub.com\/es\/team\/","og_site_name":"MaramHub","article_publisher":"https:\/\/www.facebook.com\/maramdigitalhub\/","article_modified_time":"2025-03-04T18:51:28+00:00","og_image":[{"width":1024,"height":1024,"url":"https:\/\/www.maramhub.com\/wp-content\/uploads\/2023\/05\/MaramHub.jpg","type":"image\/jpeg"}],"twitter_card":"summary_large_image","twitter_misc":{"Tiempo de lectura":"2 minutos"},"schema":{"@context":"https:\/\/schema.org","@graph":[{"@type":"WebPage","@id":"https:\/\/www.maramhub.com\/team\/","url":"https:\/\/www.maramhub.com\/team\/","name":"MaramHub | Our team","isPartOf":{"@id":"https:\/\/www.maramhub.com\/#website"},"primaryImageOfPage":{"@id":"https:\/\/www.maramhub.com\/team\/#primaryimage"},"image":{"@id":"https:\/\/www.maramhub.com\/team\/#primaryimage"},"thumbnailUrl":"https:\/\/www.maramhub.com\/wp-content\/uploads\/2023\/05\/MaramHub.jpg","datePublished":"2023-12-01T16:51:00+00:00","dateModified":"2025-03-04T18:51:28+00:00","breadcrumb":{"@id":"https:\/\/www.maramhub.com\/team\/#breadcrumb"},"inLanguage":"es","potentialAction":[{"@type":"ReadAction","target":["https:\/\/www.maramhub.com\/team\/"]}]},{"@type":"ImageObject","inLanguage":"es","@id":"https:\/\/www.maramhub.com\/team\/#primaryimage","url":"https:\/\/www.maramhub.com\/wp-content\/uploads\/2023\/05\/MaramHub.jpg","contentUrl":"https:\/\/www.maramhub.com\/wp-content\/uploads\/2023\/05\/MaramHub.jpg","width":1024,"height":1024},{"@type":"BreadcrumbList","@id":"https:\/\/www.maramhub.com\/team\/#breadcrumb","itemListElement":[{"@type":"ListItem","position":1,"name":"Home","item":"https:\/\/www.maramhub.com\/"},{"@type":"ListItem","position":2,"name":"Our team"}]},{"@type":"WebSite","@id":"https:\/\/www.maramhub.com\/#website","url":"https:\/\/www.maramhub.com\/","name":"MaramHub","description":"Marketing agency in Canada","publisher":{"@id":"https:\/\/www.maramhub.com\/#organization"},"potentialAction":[{"@type":"SearchAction","target":{"@type":"EntryPoint","urlTemplate":"https:\/\/www.maramhub.com\/?s={search_term_string}"},"query-input":{"@type":"PropertyValueSpecification","valueRequired":true,"valueName":"search_term_string"}}],"inLanguage":"es"},{"@type":"Organization","@id":"https:\/\/www.maramhub.com\/#organization","name":"MaramHub","url":"https:\/\/www.maramhub.com\/","logo":{"@type":"ImageObject","inLanguage":"es","@id":"https:\/\/www.maramhub.com\/#\/schema\/logo\/image\/","url":"https:\/\/maramhub.com\/wp-content\/uploads\/2023\/05\/MaramHub.jpg","contentUrl":"https:\/\/maramhub.com\/wp-content\/uploads\/2023\/05\/MaramHub.jpg","width":1024,"height":1024,"caption":"MaramHub"},"image":{"@id":"https:\/\/www.maramhub.com\/#\/schema\/logo\/image\/"},"sameAs":["https:\/\/www.facebook.com\/maramdigitalhub\/","https:\/\/www.instagram.com\/maramdigitalhub\/","https:\/\/www.tiktok.com\/@maramdigitalhub\/"]}]}},"_links":{"self":[{"href":"https:\/\/www.maramhub.com\/es\/wp-json\/wp\/v2\/pages\/171","targetHints":{"allow":["GET"]}}],"collection":[{"href":"https:\/\/www.maramhub.com\/es\/wp-json\/wp\/v2\/pages"}],"about":[{"href":"https:\/\/www.maramhub.com\/es\/wp-json\/wp\/v2\/types\/page"}],"author":[{"embeddable":true,"href":"https:\/\/www.maramhub.com\/es\/wp-json\/wp\/v2\/users\/1"}],"replies":[{"embeddable":true,"href":"https:\/\/www.maramhub.com\/es\/wp-json\/wp\/v2\/comments?post=171"}],"version-history":[{"count":5,"href":"https:\/\/www.maramhub.com\/es\/wp-json\/wp\/v2\/pages\/171\/revisions"}],"predecessor-version":[{"id":362,"href":"https:\/\/www.maramhub.com\/es\/wp-json\/wp\/v2\/pages\/171\/revisions\/362"}],"wp:featuredmedia":[{"embeddable":true,"href":"https:\/\/www.maramhub.com\/es\/wp-json\/wp\/v2\/media\/10"}],"wp:attachment":[{"href":"https:\/\/www.maramhub.com\/es\/wp-json\/wp\/v2\/media?parent=171"}],"curies":[{"name":"wp","href":"https:\/\/api.w.org\/{rel}","templated":true}]}}